{"id":536,"date":"2020-12-17T09:48:41","date_gmt":"2020-12-17T09:48:41","guid":{"rendered":"https:\/\/menas.samuelisbakas.lt\/?page_id=536"},"modified":"2022-12-12T09:52:39","modified_gmt":"2022-12-12T09:52:39","slug":"front-page","status":"publish","type":"page","link":"https:\/\/menas.samuelisbakas.lt\/uk\/","title":{"rendered":"\u0442\u0438\u0442\u0443\u043b\u044c\u043d\u0430 \u0441\u0442\u043e\u0440\u0456\u043d\u043a\u0430"},"content":{"rendered":"","protected":false},"excerpt":{"rendered":"","protected":false},"author":1,"featured_media":0,"parent":0,"menu_order":0,"comment_status":"closed","ping_status":"closed","template":"","meta":[],"yoast_head":"<!-- This site is optimized with the Yoast SEO plugin v19.4 - https:\/\/yoast.com\/wordpress\/plugins\/seo\/ -->\n<title>Samuelis Bakas | Interaktyvi paskaita \u201eKam reikalingas menas?\u201c<\/title>\n<meta name=\"description\" content=\"Interaktyvi paskaita \u201eKam reikalingas menas?\u201d | Edukacin\u0117 neformalaus ugdymo priemon\u0117 | Samuelis Bakas | Menas kuria tolerancij\u0105\" \/>\n<meta name=\"robots\" content=\"index, follow, max-snippet:-1, max-image-preview:large, max-video-preview:-1\" \/>\n<link rel=\"canonical\" href=\"https:\/\/menas.samuelisbakas.lt\/uk\/\" \/>\n<meta property=\"og:locale\" content=\"uk_UA\" \/>\n<meta property=\"og:type\" content=\"article\" \/>\n<meta property=\"og:title\" content=\"Samuelis Bakas | Interaktyvi paskaita \u201eKam reikalingas menas?\u201c\" \/>\n<meta property=\"og:description\" content=\"Interaktyvi paskaita \u201eKam reikalingas menas?\u201d | Edukacin\u0117 neformalaus ugdymo priemon\u0117 | Samuelis Bakas | Menas kuria tolerancij\u0105\" \/>\n<meta property=\"og:url\" content=\"https:\/\/menas.samuelisbakas.lt\/uk\/\" \/>\n<meta property=\"og:site_name\" content=\"samuel-bak\" \/>\n<meta property=\"article:modified_time\" content=\"2022-12-12T09:52:39+00:00\" \/>\n<meta name=\"twitter:card\" content=\"summary_large_image\" \/>\n<script type=\"application\/ld+json\" class=\"yoast-schema-graph\">{\"@context\":\"https:\/\/schema.org\",\"@graph\":[{\"@type\":\"WebSite\",\"@id\":\"https:\/\/menas.samuelisbakas.lt\/#website\",\"url\":\"https:\/\/menas.samuelisbakas.lt\/\",\"name\":\"samuel-bak\",\"description\":\"\",\"potentialAction\":[{\"@type\":\"SearchAction\",\"target\":{\"@type\":\"EntryPoint\",\"urlTemplate\":\"https:\/\/menas.samuelisbakas.lt\/?s={search_term_string}\"},\"query-input\":\"required name=search_term_string\"}],\"inLanguage\":\"uk-UA\"},{\"@type\":\"WebPage\",\"@id\":\"https:\/\/menas.samuelisbakas.lt\/uk\/\",\"url\":\"https:\/\/menas.samuelisbakas.lt\/uk\/\",\"name\":\"Samuelis Bakas | Interaktyvi paskaita \u201eKam reikalingas menas?\u201c\",\"isPartOf\":{\"@id\":\"https:\/\/menas.samuelisbakas.lt\/#website\"},\"datePublished\":\"2020-12-17T09:48:41+00:00\",\"dateModified\":\"2022-12-12T09:52:39+00:00\",\"description\":\"Interaktyvi paskaita \u201eKam reikalingas menas?\u201d | Edukacin\u0117 neformalaus ugdymo priemon\u0117 | Samuelis Bakas | Menas kuria tolerancij\u0105\",\"breadcrumb\":{\"@id\":\"https:\/\/menas.samuelisbakas.lt\/uk\/#breadcrumb\"},\"inLanguage\":\"uk-UA\",\"potentialAction\":[{\"@type\":\"ReadAction\",\"target\":[\"https:\/\/menas.samuelisbakas.lt\/uk\/\"]}]},{\"@type\":\"BreadcrumbList\",\"@id\":\"https:\/\/menas.samuelisbakas.lt\/uk\/#breadcrumb\",\"itemListElement\":[{\"@type\":\"ListItem\",\"position\":1,\"name\":\"Home\",\"item\":\"https:\/\/menas.samuelisbakas.lt\/uk\/\"},{\"@type\":\"ListItem\",\"position\":2,\"name\":\"\u0442\u0438\u0442\u0443\u043b\u044c\u043d\u0430 \u0441\u0442\u043e\u0440\u0456\u043d\u043a\u0430\"}]}]}<\/script>\n<!-- \/ Yoast SEO plugin. -->","yoast_head_json":{"title":"Samuelis Bakas | Interaktyvi paskaita \u201eKam reikalingas menas?\u201c","description":"Interaktyvi paskaita \u201eKam reikalingas menas?\u201d | Edukacin\u0117 neformalaus ugdymo priemon\u0117 | Samuelis Bakas | Menas kuria tolerancij\u0105","robots":{"index":"index","follow":"follow","max-snippet":"max-snippet:-1","max-image-preview":"max-image-preview:large","max-video-preview":"max-video-preview:-1"},"canonical":"https:\/\/menas.samuelisbakas.lt\/uk\/","og_locale":"uk_UA","og_type":"article","og_title":"Samuelis Bakas | Interaktyvi paskaita \u201eKam reikalingas menas?\u201c","og_description":"Interaktyvi paskaita \u201eKam reikalingas menas?\u201d | Edukacin\u0117 neformalaus ugdymo priemon\u0117 | Samuelis Bakas | Menas kuria tolerancij\u0105","og_url":"https:\/\/menas.samuelisbakas.lt\/uk\/","og_site_name":"samuel-bak","article_modified_time":"2022-12-12T09:52:39+00:00","twitter_card":"summary_large_image","schema":{"@context":"https:\/\/schema.org","@graph":[{"@type":"WebSite","@id":"https:\/\/menas.samuelisbakas.lt\/#website","url":"https:\/\/menas.samuelisbakas.lt\/","name":"samuel-bak","description":"","potentialAction":[{"@type":"SearchAction","target":{"@type":"EntryPoint","urlTemplate":"https:\/\/menas.samuelisbakas.lt\/?s={search_term_string}"},"query-input":"required name=search_term_string"}],"inLanguage":"uk-UA"},{"@type":"WebPage","@id":"https:\/\/menas.samuelisbakas.lt\/uk\/","url":"https:\/\/menas.samuelisbakas.lt\/uk\/","name":"Samuelis Bakas | Interaktyvi paskaita \u201eKam reikalingas menas?\u201c","isPartOf":{"@id":"https:\/\/menas.samuelisbakas.lt\/#website"},"datePublished":"2020-12-17T09:48:41+00:00","dateModified":"2022-12-12T09:52:39+00:00","description":"Interaktyvi paskaita \u201eKam reikalingas menas?\u201d | Edukacin\u0117 neformalaus ugdymo priemon\u0117 | Samuelis Bakas | Menas kuria tolerancij\u0105","breadcrumb":{"@id":"https:\/\/menas.samuelisbakas.lt\/uk\/#breadcrumb"},"inLanguage":"uk-UA","potentialAction":[{"@type":"ReadAction","target":["https:\/\/menas.samuelisbakas.lt\/uk\/"]}]},{"@type":"BreadcrumbList","@id":"https:\/\/menas.samuelisbakas.lt\/uk\/#breadcrumb","itemListElement":[{"@type":"ListItem","position":1,"name":"Home","item":"https:\/\/menas.samuelisbakas.lt\/uk\/"},{"@type":"ListItem","position":2,"name":"\u0442\u0438\u0442\u0443\u043b\u044c\u043d\u0430 \u0441\u0442\u043e\u0440\u0456\u043d\u043a\u0430"}]}]}},"_links":{"self":[{"href":"https:\/\/menas.samuelisbakas.lt\/uk\/wp-json\/wp\/v2\/pages\/536"}],"collection":[{"href":"https:\/\/menas.samuelisbakas.lt\/uk\/wp-json\/wp\/v2\/pages"}],"about":[{"href":"https:\/\/menas.samuelisbakas.lt\/uk\/wp-json\/wp\/v2\/types\/page"}],"author":[{"embeddable":true,"href":"https:\/\/menas.samuelisbakas.lt\/uk\/wp-json\/wp\/v2\/users\/1"}],"replies":[{"embeddable":true,"href":"https:\/\/menas.samuelisbakas.lt\/uk\/wp-json\/wp\/v2\/comments?post=536"}],"version-history":[{"count":7,"href":"https:\/\/menas.samuelisbakas.lt\/uk\/wp-json\/wp\/v2\/pages\/536\/revisions"}],"predecessor-version":[{"id":545,"href":"https:\/\/menas.samuelisbakas.lt\/uk\/wp-json\/wp\/v2\/pages\/536\/revisions\/545"}],"wp:attachment":[{"href":"https:\/\/menas.samuelisbakas.lt\/uk\/wp-json\/wp\/v2\/media?parent=536"}],"curies":[{"name":"wp","href":"https:\/\/api.w.org\/{rel}","templated":true}]}}