{"id":564,"date":"2020-12-15T08:12:15","date_gmt":"2020-12-15T08:12:15","guid":{"rendered":"https:\/\/menas.samuelisbakas.lt\/menas-kuria-pusiausvyra\/"},"modified":"2023-01-11T07:51:37","modified_gmt":"2023-01-11T07:51:37","slug":"m%d0%b8%d1%81%d1%82%d0%b5%d1%86%d1%82%d0%b2%d0%be-%d0%b7%d0%bc%d1%96%d0%bd%d1%8e%d1%94-%d1%80%d1%96%d0%b2%d0%bd%d0%be%d0%b2%d0%b0%d0%b3%d1%83","status":"publish","type":"page","link":"https:\/\/menas.samuelisbakas.lt\/uk\/m%d0%b8%d1%81%d1%82%d0%b5%d1%86%d1%82%d0%b2%d0%be-%d0%b7%d0%bc%d1%96%d0%bd%d1%8e%d1%94-%d1%80%d1%96%d0%b2%d0%bd%d0%be%d0%b2%d0%b0%d0%b3%d1%83\/","title":{"rendered":"\u041c\u0438\u0441\u0442\u0435\u0446\u0442\u0432\u043e \u0437\u043c\u0456\u043d\u044e\u0454 \u0440\u0456\u0432\u043d\u043e\u0432\u0430\u0433\u0443"},"content":{"rendered":"","protected":false},"excerpt":{"rendered":"","protected":false},"author":1,"featured_media":0,"parent":0,"menu_order":0,"comment_status":"closed","ping_status":"closed","template":"tp-symbols.php","meta":[],"yoast_head":"<!-- This site is optimized with the Yoast SEO plugin v19.4 - https:\/\/yoast.com\/wordpress\/plugins\/seo\/ -->\n<title>Menas kuria pusiausvyr\u0105 | Kam reikalingas menas? | Samuelis Bakas<\/title>\n<meta name=\"description\" content=\"Menas kuria pusiausvyr\u0105 | Leiskis \u012f simboli\u0173, interpretacij\u0173 ir netik\u0117t\u0173 atradim\u0173 kupin\u0105 kelion\u0119 po nepaprast\u0105 Samuelio Bako k\u016brybos pasaul\u012f.\" \/>\n<meta name=\"robots\" content=\"index, follow, max-snippet:-1, max-image-preview:large, max-video-preview:-1\" \/>\n<link rel=\"canonical\" href=\"https:\/\/menas.samuelisbakas.lt\/uk\/m\u0438\u0441\u0442\u0435\u0446\u0442\u0432\u043e-\u0437\u043c\u0456\u043d\u044e\u0454-\u0440\u0456\u0432\u043d\u043e\u0432\u0430\u0433\u0443\/\" \/>\n<meta property=\"og:locale\" content=\"uk_UA\" \/>\n<meta property=\"og:type\" content=\"article\" \/>\n<meta property=\"og:title\" content=\"Menas kuria pusiausvyr\u0105 | Kam reikalingas menas? | Samuelis Bakas\" \/>\n<meta property=\"og:description\" content=\"Menas kuria pusiausvyr\u0105 | Leiskis \u012f simboli\u0173, interpretacij\u0173 ir netik\u0117t\u0173 atradim\u0173 kupin\u0105 kelion\u0119 po nepaprast\u0105 Samuelio Bako k\u016brybos pasaul\u012f.\" \/>\n<meta property=\"og:url\" content=\"https:\/\/menas.samuelisbakas.lt\/uk\/m\u0438\u0441\u0442\u0435\u0446\u0442\u0432\u043e-\u0437\u043c\u0456\u043d\u044e\u0454-\u0440\u0456\u0432\u043d\u043e\u0432\u0430\u0433\u0443\/\" \/>\n<meta property=\"og:site_name\" content=\"samuel-bak\" \/>\n<meta property=\"article:modified_time\" content=\"2023-01-11T07:51:37+00:00\" \/>\n<meta name=\"twitter:card\" content=\"summary_large_image\" \/>\n<script type=\"application\/ld+json\" class=\"yoast-schema-graph\">{\"@context\":\"https:\/\/schema.org\",\"@graph\":[{\"@type\":\"WebSite\",\"@id\":\"https:\/\/menas.samuelisbakas.lt\/#website\",\"url\":\"https:\/\/menas.samuelisbakas.lt\/\",\"name\":\"samuel-bak\",\"description\":\"\",\"potentialAction\":[{\"@type\":\"SearchAction\",\"target\":{\"@type\":\"EntryPoint\",\"urlTemplate\":\"https:\/\/menas.samuelisbakas.lt\/?s={search_term_string}\"},\"query-input\":\"required name=search_term_string\"}],\"inLanguage\":\"uk-UA\"},{\"@type\":\"WebPage\",\"@id\":\"https:\/\/menas.samuelisbakas.lt\/uk\/m%d0%b8%d1%81%d1%82%d0%b5%d1%86%d1%82%d0%b2%d0%be-%d0%b7%d0%bc%d1%96%d0%bd%d1%8e%d1%94-%d1%80%d1%96%d0%b2%d0%bd%d0%be%d0%b2%d0%b0%d0%b3%d1%83\/\",\"url\":\"https:\/\/menas.samuelisbakas.lt\/uk\/m%d0%b8%d1%81%d1%82%d0%b5%d1%86%d1%82%d0%b2%d0%be-%d0%b7%d0%bc%d1%96%d0%bd%d1%8e%d1%94-%d1%80%d1%96%d0%b2%d0%bd%d0%be%d0%b2%d0%b0%d0%b3%d1%83\/\",\"name\":\"Menas kuria pusiausvyr\u0105 | Kam reikalingas menas? | Samuelis Bakas\",\"isPartOf\":{\"@id\":\"https:\/\/menas.samuelisbakas.lt\/#website\"},\"datePublished\":\"2020-12-15T08:12:15+00:00\",\"dateModified\":\"2023-01-11T07:51:37+00:00\",\"description\":\"Menas kuria pusiausvyr\u0105 | Leiskis \u012f simboli\u0173, interpretacij\u0173 ir netik\u0117t\u0173 atradim\u0173 kupin\u0105 kelion\u0119 po nepaprast\u0105 Samuelio Bako k\u016brybos pasaul\u012f.\",\"breadcrumb\":{\"@id\":\"https:\/\/menas.samuelisbakas.lt\/uk\/m%d0%b8%d1%81%d1%82%d0%b5%d1%86%d1%82%d0%b2%d0%be-%d0%b7%d0%bc%d1%96%d0%bd%d1%8e%d1%94-%d1%80%d1%96%d0%b2%d0%bd%d0%be%d0%b2%d0%b0%d0%b3%d1%83\/#breadcrumb\"},\"inLanguage\":\"uk-UA\",\"potentialAction\":[{\"@type\":\"ReadAction\",\"target\":[\"https:\/\/menas.samuelisbakas.lt\/uk\/m%d0%b8%d1%81%d1%82%d0%b5%d1%86%d1%82%d0%b2%d0%be-%d0%b7%d0%bc%d1%96%d0%bd%d1%8e%d1%94-%d1%80%d1%96%d0%b2%d0%bd%d0%be%d0%b2%d0%b0%d0%b3%d1%83\/\"]}]},{\"@type\":\"BreadcrumbList\",\"@id\":\"https:\/\/menas.samuelisbakas.lt\/uk\/m%d0%b8%d1%81%d1%82%d0%b5%d1%86%d1%82%d0%b2%d0%be-%d0%b7%d0%bc%d1%96%d0%bd%d1%8e%d1%94-%d1%80%d1%96%d0%b2%d0%bd%d0%be%d0%b2%d0%b0%d0%b3%d1%83\/#breadcrumb\",\"itemListElement\":[{\"@type\":\"ListItem\",\"position\":1,\"name\":\"Home\",\"item\":\"https:\/\/menas.samuelisbakas.lt\/uk\/\"},{\"@type\":\"ListItem\",\"position\":2,\"name\":\"\u041c\u0438\u0441\u0442\u0435\u0446\u0442\u0432\u043e \u0437\u043c\u0456\u043d\u044e\u0454 \u0440\u0456\u0432\u043d\u043e\u0432\u0430\u0433\u0443\"}]}]}<\/script>\n<!-- \/ Yoast SEO plugin. -->","yoast_head_json":{"title":"Menas kuria pusiausvyr\u0105 | Kam reikalingas menas? | Samuelis Bakas","description":"Menas kuria pusiausvyr\u0105 | Leiskis \u012f simboli\u0173, interpretacij\u0173 ir netik\u0117t\u0173 atradim\u0173 kupin\u0105 kelion\u0119 po nepaprast\u0105 Samuelio Bako k\u016brybos pasaul\u012f.","robots":{"index":"index","follow":"follow","max-snippet":"max-snippet:-1","max-image-preview":"max-image-preview:large","max-video-preview":"max-video-preview:-1"},"canonical":"https:\/\/menas.samuelisbakas.lt\/uk\/m\u0438\u0441\u0442\u0435\u0446\u0442\u0432\u043e-\u0437\u043c\u0456\u043d\u044e\u0454-\u0440\u0456\u0432\u043d\u043e\u0432\u0430\u0433\u0443\/","og_locale":"uk_UA","og_type":"article","og_title":"Menas kuria pusiausvyr\u0105 | Kam reikalingas menas? | Samuelis Bakas","og_description":"Menas kuria pusiausvyr\u0105 | Leiskis \u012f simboli\u0173, interpretacij\u0173 ir netik\u0117t\u0173 atradim\u0173 kupin\u0105 kelion\u0119 po nepaprast\u0105 Samuelio Bako k\u016brybos pasaul\u012f.","og_url":"https:\/\/menas.samuelisbakas.lt\/uk\/m\u0438\u0441\u0442\u0435\u0446\u0442\u0432\u043e-\u0437\u043c\u0456\u043d\u044e\u0454-\u0440\u0456\u0432\u043d\u043e\u0432\u0430\u0433\u0443\/","og_site_name":"samuel-bak","article_modified_time":"2023-01-11T07:51:37+00:00","twitter_card":"summary_large_image","schema":{"@context":"https:\/\/schema.org","@graph":[{"@type":"WebSite","@id":"https:\/\/menas.samuelisbakas.lt\/#website","url":"https:\/\/menas.samuelisbakas.lt\/","name":"samuel-bak","description":"","potentialAction":[{"@type":"SearchAction","target":{"@type":"EntryPoint","urlTemplate":"https:\/\/menas.samuelisbakas.lt\/?s={search_term_string}"},"query-input":"required name=search_term_string"}],"inLanguage":"uk-UA"},{"@type":"WebPage","@id":"https:\/\/menas.samuelisbakas.lt\/uk\/m%d0%b8%d1%81%d1%82%d0%b5%d1%86%d1%82%d0%b2%d0%be-%d0%b7%d0%bc%d1%96%d0%bd%d1%8e%d1%94-%d1%80%d1%96%d0%b2%d0%bd%d0%be%d0%b2%d0%b0%d0%b3%d1%83\/","url":"https:\/\/menas.samuelisbakas.lt\/uk\/m%d0%b8%d1%81%d1%82%d0%b5%d1%86%d1%82%d0%b2%d0%be-%d0%b7%d0%bc%d1%96%d0%bd%d1%8e%d1%94-%d1%80%d1%96%d0%b2%d0%bd%d0%be%d0%b2%d0%b0%d0%b3%d1%83\/","name":"Menas kuria pusiausvyr\u0105 | Kam reikalingas menas? | Samuelis Bakas","isPartOf":{"@id":"https:\/\/menas.samuelisbakas.lt\/#website"},"datePublished":"2020-12-15T08:12:15+00:00","dateModified":"2023-01-11T07:51:37+00:00","description":"Menas kuria pusiausvyr\u0105 | Leiskis \u012f simboli\u0173, interpretacij\u0173 ir netik\u0117t\u0173 atradim\u0173 kupin\u0105 kelion\u0119 po nepaprast\u0105 Samuelio Bako k\u016brybos pasaul\u012f.","breadcrumb":{"@id":"https:\/\/menas.samuelisbakas.lt\/uk\/m%d0%b8%d1%81%d1%82%d0%b5%d1%86%d1%82%d0%b2%d0%be-%d0%b7%d0%bc%d1%96%d0%bd%d1%8e%d1%94-%d1%80%d1%96%d0%b2%d0%bd%d0%be%d0%b2%d0%b0%d0%b3%d1%83\/#breadcrumb"},"inLanguage":"uk-UA","potentialAction":[{"@type":"ReadAction","target":["https:\/\/menas.samuelisbakas.lt\/uk\/m%d0%b8%d1%81%d1%82%d0%b5%d1%86%d1%82%d0%b2%d0%be-%d0%b7%d0%bc%d1%96%d0%bd%d1%8e%d1%94-%d1%80%d1%96%d0%b2%d0%bd%d0%be%d0%b2%d0%b0%d0%b3%d1%83\/"]}]},{"@type":"BreadcrumbList","@id":"https:\/\/menas.samuelisbakas.lt\/uk\/m%d0%b8%d1%81%d1%82%d0%b5%d1%86%d1%82%d0%b2%d0%be-%d0%b7%d0%bc%d1%96%d0%bd%d1%8e%d1%94-%d1%80%d1%96%d0%b2%d0%bd%d0%be%d0%b2%d0%b0%d0%b3%d1%83\/#breadcrumb","itemListElement":[{"@type":"ListItem","position":1,"name":"Home","item":"https:\/\/menas.samuelisbakas.lt\/uk\/"},{"@type":"ListItem","position":2,"name":"\u041c\u0438\u0441\u0442\u0435\u0446\u0442\u0432\u043e \u0437\u043c\u0456\u043d\u044e\u0454 \u0440\u0456\u0432\u043d\u043e\u0432\u0430\u0433\u0443"}]}]}},"_links":{"self":[{"href":"https:\/\/menas.samuelisbakas.lt\/uk\/wp-json\/wp\/v2\/pages\/564"}],"collection":[{"href":"https:\/\/menas.samuelisbakas.lt\/uk\/wp-json\/wp\/v2\/pages"}],"about":[{"href":"https:\/\/menas.samuelisbakas.lt\/uk\/wp-json\/wp\/v2\/types\/page"}],"author":[{"embeddable":true,"href":"https:\/\/menas.samuelisbakas.lt\/uk\/wp-json\/wp\/v2\/users\/1"}],"replies":[{"embeddable":true,"href":"https:\/\/menas.samuelisbakas.lt\/uk\/wp-json\/wp\/v2\/comments?post=564"}],"version-history":[{"count":5,"href":"https:\/\/menas.samuelisbakas.lt\/uk\/wp-json\/wp\/v2\/pages\/564\/revisions"}],"predecessor-version":[{"id":614,"href":"https:\/\/menas.samuelisbakas.lt\/uk\/wp-json\/wp\/v2\/pages\/564\/revisions\/614"}],"wp:attachment":[{"href":"https:\/\/menas.samuelisbakas.lt\/uk\/wp-json\/wp\/v2\/media?parent=564"}],"curies":[{"name":"wp","href":"https:\/\/api.w.org\/{rel}","templated":true}]}}